{"id":29951,"date":"2025-09-24T14:34:31","date_gmt":"2025-09-24T12:34:31","guid":{"rendered":"https:\/\/dartera.ch\/generateur-de-mentions-legales-suisse\/"},"modified":"2025-09-24T14:34:31","modified_gmt":"2025-09-24T12:34:31","slug":"generateur-de-mentions-legales-suisse","status":"publish","type":"page","link":"https:\/\/dartera.ch\/fr\/generateur-de-mentions-legales-suisse\/","title":{"rendered":"G\u00e9n\u00e9rateur de mentions l\u00e9gales Suisse"},"content":{"rendered":"","protected":false},"excerpt":{"rendered":"","protected":false},"author":4,"featured_media":29957,"parent":0,"menu_order":0,"comment_status":"closed","ping_status":"closed","template":"","meta":{"_acf_changed":false,"footnotes":""},"class_list":["post-29951","page","type-page","status-publish","has-post-thumbnail","hentry"],"acf":[],"yoast_head":"<!-- This site is optimized with the Yoast SEO plugin v27.4 - https:\/\/yoast.com\/product\/yoast-seo-wordpress\/ -->\n<title>G\u00e9n\u00e9rateur de mentions l\u00e9gales Suisse 2026 | dartera\u00a0: 100\u00a0% conforme au droit<\/title>\n<meta name=\"description\" content=\"S\u00e9curisez votre site web avec des mentions l\u00e9gales conformes au droit suisse. Avec dartera, cr\u00e9ez vos mentions l\u00e9gales simplement et rapidement\u00a0!\" \/>\n<meta name=\"robots\" content=\"index, follow, max-snippet:-1, max-image-preview:large, max-video-preview:-1\" \/>\n<link rel=\"canonical\" href=\"https:\/\/dartera.ch\/fr\/generateur-de-mentions-legales-suisse\/\" \/>\n<meta property=\"og:locale\" content=\"fr_FR\" \/>\n<meta property=\"og:type\" content=\"article\" \/>\n<meta property=\"og:title\" content=\"G\u00e9n\u00e9rateur de mentions l\u00e9gales Suisse 2026 | dartera\u00a0: 100\u00a0% conforme au droit\" \/>\n<meta property=\"og:description\" content=\"S\u00e9curisez votre site web avec des mentions l\u00e9gales conformes au droit suisse. Avec dartera, cr\u00e9ez vos mentions l\u00e9gales simplement et rapidement\u00a0!\" \/>\n<meta property=\"og:url\" content=\"https:\/\/dartera.ch\/fr\/generateur-de-mentions-legales-suisse\/\" \/>\n<meta property=\"og:site_name\" content=\"dartera\" \/>\n<meta property=\"article:publisher\" content=\"https:\/\/www.facebook.com\/dartera.ch\/\" \/>\n<meta property=\"og:image\" content=\"https:\/\/dartera.ch\/wp-content\/uploads\/2024\/03\/dartera-illustration-impressum-generator-4.jpg\" \/>\n\t<meta property=\"og:image:width\" content=\"1300\" \/>\n\t<meta property=\"og:image:height\" content=\"1300\" \/>\n\t<meta property=\"og:image:type\" content=\"image\/jpeg\" \/>\n<meta name=\"twitter:card\" content=\"summary_large_image\" \/>\n<script type=\"application\/ld+json\" class=\"yoast-schema-graph\">{\"@context\":\"https:\\\/\\\/schema.org\",\"@graph\":[{\"@type\":\"WebPage\",\"@id\":\"https:\\\/\\\/dartera.ch\\\/fr\\\/generateur-de-mentions-legales-suisse\\\/\",\"url\":\"https:\\\/\\\/dartera.ch\\\/fr\\\/generateur-de-mentions-legales-suisse\\\/\",\"name\":\"G\u00e9n\u00e9rateur de mentions l\u00e9gales Suisse 2026 | dartera\u00a0: 100\u00a0% conforme au droit\",\"isPartOf\":{\"@id\":\"https:\\\/\\\/dartera.ch\\\/fr\\\/#website\"},\"primaryImageOfPage\":{\"@id\":\"https:\\\/\\\/dartera.ch\\\/fr\\\/generateur-de-mentions-legales-suisse\\\/#primaryimage\"},\"image\":{\"@id\":\"https:\\\/\\\/dartera.ch\\\/fr\\\/generateur-de-mentions-legales-suisse\\\/#primaryimage\"},\"thumbnailUrl\":\"https:\\\/\\\/dartera.ch\\\/wp-content\\\/uploads\\\/2024\\\/03\\\/dartera-illustration-impressum-generator-4.jpg\",\"datePublished\":\"2025-09-24T12:34:31+00:00\",\"description\":\"S\u00e9curisez votre site web avec des mentions l\u00e9gales conformes au droit suisse. Avec dartera, cr\u00e9ez vos mentions l\u00e9gales simplement et rapidement\u00a0!\",\"breadcrumb\":{\"@id\":\"https:\\\/\\\/dartera.ch\\\/fr\\\/generateur-de-mentions-legales-suisse\\\/#breadcrumb\"},\"inLanguage\":\"fr-FR\",\"potentialAction\":[{\"@type\":\"ReadAction\",\"target\":[\"https:\\\/\\\/dartera.ch\\\/fr\\\/generateur-de-mentions-legales-suisse\\\/\"]}]},{\"@type\":\"ImageObject\",\"inLanguage\":\"fr-FR\",\"@id\":\"https:\\\/\\\/dartera.ch\\\/fr\\\/generateur-de-mentions-legales-suisse\\\/#primaryimage\",\"url\":\"https:\\\/\\\/dartera.ch\\\/wp-content\\\/uploads\\\/2024\\\/03\\\/dartera-illustration-impressum-generator-4.jpg\",\"contentUrl\":\"https:\\\/\\\/dartera.ch\\\/wp-content\\\/uploads\\\/2024\\\/03\\\/dartera-illustration-impressum-generator-4.jpg\",\"width\":1300,\"height\":1300},{\"@type\":\"BreadcrumbList\",\"@id\":\"https:\\\/\\\/dartera.ch\\\/fr\\\/generateur-de-mentions-legales-suisse\\\/#breadcrumb\",\"itemListElement\":[{\"@type\":\"ListItem\",\"position\":1,\"name\":\"Home\",\"item\":\"https:\\\/\\\/dartera.ch\\\/fr\\\/\"},{\"@type\":\"ListItem\",\"position\":2,\"name\":\"G\u00e9n\u00e9rateur de mentions l\u00e9gales Suisse\"}]},{\"@type\":\"WebSite\",\"@id\":\"https:\\\/\\\/dartera.ch\\\/fr\\\/#website\",\"url\":\"https:\\\/\\\/dartera.ch\\\/fr\\\/\",\"name\":\"Dartera\",\"description\":\"\",\"publisher\":{\"@id\":\"https:\\\/\\\/dartera.ch\\\/fr\\\/#organization\"},\"potentialAction\":[{\"@type\":\"SearchAction\",\"target\":{\"@type\":\"EntryPoint\",\"urlTemplate\":\"https:\\\/\\\/dartera.ch\\\/fr\\\/?s={search_term_string}\"},\"query-input\":{\"@type\":\"PropertyValueSpecification\",\"valueRequired\":true,\"valueName\":\"search_term_string\"}}],\"inLanguage\":\"fr-FR\"},{\"@type\":\"Organization\",\"@id\":\"https:\\\/\\\/dartera.ch\\\/fr\\\/#organization\",\"name\":\"Dartera\",\"alternateName\":\"Dartera GmbH\",\"url\":\"https:\\\/\\\/dartera.ch\\\/fr\\\/\",\"logo\":{\"@type\":\"ImageObject\",\"inLanguage\":\"fr-FR\",\"@id\":\"https:\\\/\\\/dartera.ch\\\/fr\\\/#\\\/schema\\\/logo\\\/image\\\/\",\"url\":\"https:\\\/\\\/dartera.ch\\\/wp-content\\\/uploads\\\/2023\\\/01\\\/Group-1000004837.svg\",\"contentUrl\":\"https:\\\/\\\/dartera.ch\\\/wp-content\\\/uploads\\\/2023\\\/01\\\/Group-1000004837.svg\",\"width\":1,\"height\":1,\"caption\":\"Dartera\"},\"image\":{\"@id\":\"https:\\\/\\\/dartera.ch\\\/fr\\\/#\\\/schema\\\/logo\\\/image\\\/\"},\"sameAs\":[\"https:\\\/\\\/www.facebook.com\\\/dartera.ch\\\/\",\"https:\\\/\\\/www.linkedin.com\\\/company\\\/darteragmbh\\\/\",\"https:\\\/\\\/www.instagram.com\\\/dartera.ch\\\/\"]}]}<\/script>\n<!-- \/ Yoast SEO plugin. -->","yoast_head_json":{"title":"G\u00e9n\u00e9rateur de mentions l\u00e9gales Suisse 2026 | dartera\u00a0: 100\u00a0% conforme au droit","description":"S\u00e9curisez votre site web avec des mentions l\u00e9gales conformes au droit suisse. Avec dartera, cr\u00e9ez vos mentions l\u00e9gales simplement et rapidement\u00a0!","robots":{"index":"index","follow":"follow","max-snippet":"max-snippet:-1","max-image-preview":"max-image-preview:large","max-video-preview":"max-video-preview:-1"},"canonical":"https:\/\/dartera.ch\/fr\/generateur-de-mentions-legales-suisse\/","og_locale":"fr_FR","og_type":"article","og_title":"G\u00e9n\u00e9rateur de mentions l\u00e9gales Suisse 2026 | dartera\u00a0: 100\u00a0% conforme au droit","og_description":"S\u00e9curisez votre site web avec des mentions l\u00e9gales conformes au droit suisse. Avec dartera, cr\u00e9ez vos mentions l\u00e9gales simplement et rapidement\u00a0!","og_url":"https:\/\/dartera.ch\/fr\/generateur-de-mentions-legales-suisse\/","og_site_name":"dartera","article_publisher":"https:\/\/www.facebook.com\/dartera.ch\/","og_image":[{"width":1300,"height":1300,"url":"https:\/\/dartera.ch\/wp-content\/uploads\/2024\/03\/dartera-illustration-impressum-generator-4.jpg","type":"image\/jpeg"}],"twitter_card":"summary_large_image","schema":{"@context":"https:\/\/schema.org","@graph":[{"@type":"WebPage","@id":"https:\/\/dartera.ch\/fr\/generateur-de-mentions-legales-suisse\/","url":"https:\/\/dartera.ch\/fr\/generateur-de-mentions-legales-suisse\/","name":"G\u00e9n\u00e9rateur de mentions l\u00e9gales Suisse 2026 | dartera\u00a0: 100\u00a0% conforme au droit","isPartOf":{"@id":"https:\/\/dartera.ch\/fr\/#website"},"primaryImageOfPage":{"@id":"https:\/\/dartera.ch\/fr\/generateur-de-mentions-legales-suisse\/#primaryimage"},"image":{"@id":"https:\/\/dartera.ch\/fr\/generateur-de-mentions-legales-suisse\/#primaryimage"},"thumbnailUrl":"https:\/\/dartera.ch\/wp-content\/uploads\/2024\/03\/dartera-illustration-impressum-generator-4.jpg","datePublished":"2025-09-24T12:34:31+00:00","description":"S\u00e9curisez votre site web avec des mentions l\u00e9gales conformes au droit suisse. Avec dartera, cr\u00e9ez vos mentions l\u00e9gales simplement et rapidement\u00a0!","breadcrumb":{"@id":"https:\/\/dartera.ch\/fr\/generateur-de-mentions-legales-suisse\/#breadcrumb"},"inLanguage":"fr-FR","potentialAction":[{"@type":"ReadAction","target":["https:\/\/dartera.ch\/fr\/generateur-de-mentions-legales-suisse\/"]}]},{"@type":"ImageObject","inLanguage":"fr-FR","@id":"https:\/\/dartera.ch\/fr\/generateur-de-mentions-legales-suisse\/#primaryimage","url":"https:\/\/dartera.ch\/wp-content\/uploads\/2024\/03\/dartera-illustration-impressum-generator-4.jpg","contentUrl":"https:\/\/dartera.ch\/wp-content\/uploads\/2024\/03\/dartera-illustration-impressum-generator-4.jpg","width":1300,"height":1300},{"@type":"BreadcrumbList","@id":"https:\/\/dartera.ch\/fr\/generateur-de-mentions-legales-suisse\/#breadcrumb","itemListElement":[{"@type":"ListItem","position":1,"name":"Home","item":"https:\/\/dartera.ch\/fr\/"},{"@type":"ListItem","position":2,"name":"G\u00e9n\u00e9rateur de mentions l\u00e9gales Suisse"}]},{"@type":"WebSite","@id":"https:\/\/dartera.ch\/fr\/#website","url":"https:\/\/dartera.ch\/fr\/","name":"Dartera","description":"","publisher":{"@id":"https:\/\/dartera.ch\/fr\/#organization"},"potentialAction":[{"@type":"SearchAction","target":{"@type":"EntryPoint","urlTemplate":"https:\/\/dartera.ch\/fr\/?s={search_term_string}"},"query-input":{"@type":"PropertyValueSpecification","valueRequired":true,"valueName":"search_term_string"}}],"inLanguage":"fr-FR"},{"@type":"Organization","@id":"https:\/\/dartera.ch\/fr\/#organization","name":"Dartera","alternateName":"Dartera GmbH","url":"https:\/\/dartera.ch\/fr\/","logo":{"@type":"ImageObject","inLanguage":"fr-FR","@id":"https:\/\/dartera.ch\/fr\/#\/schema\/logo\/image\/","url":"https:\/\/dartera.ch\/wp-content\/uploads\/2023\/01\/Group-1000004837.svg","contentUrl":"https:\/\/dartera.ch\/wp-content\/uploads\/2023\/01\/Group-1000004837.svg","width":1,"height":1,"caption":"Dartera"},"image":{"@id":"https:\/\/dartera.ch\/fr\/#\/schema\/logo\/image\/"},"sameAs":["https:\/\/www.facebook.com\/dartera.ch\/","https:\/\/www.linkedin.com\/company\/darteragmbh\/","https:\/\/www.instagram.com\/dartera.ch\/"]}]}},"_links":{"self":[{"href":"https:\/\/dartera.ch\/fr\/wp-json\/wp\/v2\/pages\/29951","targetHints":{"allow":["GET"]}}],"collection":[{"href":"https:\/\/dartera.ch\/fr\/wp-json\/wp\/v2\/pages"}],"about":[{"href":"https:\/\/dartera.ch\/fr\/wp-json\/wp\/v2\/types\/page"}],"author":[{"embeddable":true,"href":"https:\/\/dartera.ch\/fr\/wp-json\/wp\/v2\/users\/4"}],"replies":[{"embeddable":true,"href":"https:\/\/dartera.ch\/fr\/wp-json\/wp\/v2\/comments?post=29951"}],"version-history":[{"count":0,"href":"https:\/\/dartera.ch\/fr\/wp-json\/wp\/v2\/pages\/29951\/revisions"}],"wp:featuredmedia":[{"embeddable":true,"href":"https:\/\/dartera.ch\/fr\/wp-json\/wp\/v2\/media\/29957"}],"wp:attachment":[{"href":"https:\/\/dartera.ch\/fr\/wp-json\/wp\/v2\/media?parent=29951"}],"curies":[{"name":"wp","href":"https:\/\/api.w.org\/{rel}","templated":true}]}}