{"id":30053,"date":"2025-09-24T14:35:47","date_gmt":"2025-09-24T12:35:47","guid":{"rendered":"https:\/\/dartera.ch\/webdesign-bale\/"},"modified":"2025-09-24T14:35:47","modified_gmt":"2025-09-24T12:35:47","slug":"webdesign-bale","status":"publish","type":"page","link":"https:\/\/dartera.ch\/fr\/webdesign-bale\/","title":{"rendered":"Webdesign B\u00e2le"},"content":{"rendered":"","protected":false},"excerpt":{"rendered":"","protected":false},"author":2,"featured_media":0,"parent":0,"menu_order":0,"comment_status":"closed","ping_status":"closed","template":"","meta":{"_acf_changed":false,"footnotes":""},"class_list":["post-30053","page","type-page","status-publish","hentry"],"acf":[],"yoast_head":"<!-- This site is optimized with the Yoast SEO plugin v27.3 - https:\/\/yoast.com\/product\/yoast-seo-wordpress\/ -->\n<title>Webdesign B\u00e2le | dartera - Vos experts en conception web moderne<\/title>\n<meta name=\"description\" content=\"Faites impression avec votre pr\u00e9sence en ligne \u00e0 B\u00e2le\u00a0! Dartera propose des solutions de conception web individuelles, cr\u00e9atives et r\u00e9actives.\" \/>\n<meta name=\"robots\" content=\"index, follow, max-snippet:-1, max-image-preview:large, max-video-preview:-1\" \/>\n<link rel=\"canonical\" href=\"https:\/\/dartera.ch\/fr\/webdesign-bale\/\" \/>\n<meta property=\"og:locale\" content=\"fr_FR\" \/>\n<meta property=\"og:type\" content=\"article\" \/>\n<meta property=\"og:title\" content=\"Webdesign B\u00e2le | dartera - Vos experts en conception web moderne\" \/>\n<meta property=\"og:description\" content=\"Faites impression avec votre pr\u00e9sence en ligne \u00e0 B\u00e2le\u00a0! Dartera propose des solutions de conception web individuelles, cr\u00e9atives et r\u00e9actives.\" \/>\n<meta property=\"og:url\" content=\"https:\/\/dartera.ch\/fr\/webdesign-bale\/\" \/>\n<meta property=\"og:site_name\" content=\"dartera\" \/>\n<meta property=\"article:publisher\" content=\"https:\/\/www.facebook.com\/dartera.ch\/\" \/>\n<meta name=\"twitter:card\" content=\"summary_large_image\" \/>\n<script type=\"application\/ld+json\" class=\"yoast-schema-graph\">{\"@context\":\"https:\\\/\\\/schema.org\",\"@graph\":[{\"@type\":\"WebPage\",\"@id\":\"https:\\\/\\\/dartera.ch\\\/fr\\\/webdesign-bale\\\/\",\"url\":\"https:\\\/\\\/dartera.ch\\\/fr\\\/webdesign-bale\\\/\",\"name\":\"Webdesign B\u00e2le | dartera - Vos experts en conception web moderne\",\"isPartOf\":{\"@id\":\"https:\\\/\\\/dartera.ch\\\/fr\\\/#website\"},\"datePublished\":\"2025-09-24T12:35:47+00:00\",\"description\":\"Faites impression avec votre pr\u00e9sence en ligne \u00e0 B\u00e2le\u00a0! Dartera propose des solutions de conception web individuelles, cr\u00e9atives et r\u00e9actives.\",\"breadcrumb\":{\"@id\":\"https:\\\/\\\/dartera.ch\\\/fr\\\/webdesign-bale\\\/#breadcrumb\"},\"inLanguage\":\"fr-FR\",\"potentialAction\":[{\"@type\":\"ReadAction\",\"target\":[\"https:\\\/\\\/dartera.ch\\\/fr\\\/webdesign-bale\\\/\"]}]},{\"@type\":\"BreadcrumbList\",\"@id\":\"https:\\\/\\\/dartera.ch\\\/fr\\\/webdesign-bale\\\/#breadcrumb\",\"itemListElement\":[{\"@type\":\"ListItem\",\"position\":1,\"name\":\"Home\",\"item\":\"https:\\\/\\\/dartera.ch\\\/fr\\\/\"},{\"@type\":\"ListItem\",\"position\":2,\"name\":\"Webdesign B\u00e2le\"}]},{\"@type\":\"WebSite\",\"@id\":\"https:\\\/\\\/dartera.ch\\\/fr\\\/#website\",\"url\":\"https:\\\/\\\/dartera.ch\\\/fr\\\/\",\"name\":\"Dartera\",\"description\":\"\",\"publisher\":{\"@id\":\"https:\\\/\\\/dartera.ch\\\/fr\\\/#organization\"},\"potentialAction\":[{\"@type\":\"SearchAction\",\"target\":{\"@type\":\"EntryPoint\",\"urlTemplate\":\"https:\\\/\\\/dartera.ch\\\/fr\\\/?s={search_term_string}\"},\"query-input\":{\"@type\":\"PropertyValueSpecification\",\"valueRequired\":true,\"valueName\":\"search_term_string\"}}],\"inLanguage\":\"fr-FR\"},{\"@type\":\"Organization\",\"@id\":\"https:\\\/\\\/dartera.ch\\\/fr\\\/#organization\",\"name\":\"Dartera\",\"alternateName\":\"Dartera GmbH\",\"url\":\"https:\\\/\\\/dartera.ch\\\/fr\\\/\",\"logo\":{\"@type\":\"ImageObject\",\"inLanguage\":\"fr-FR\",\"@id\":\"https:\\\/\\\/dartera.ch\\\/fr\\\/#\\\/schema\\\/logo\\\/image\\\/\",\"url\":\"https:\\\/\\\/dartera.ch\\\/wp-content\\\/uploads\\\/2023\\\/01\\\/Group-1000004837.svg\",\"contentUrl\":\"https:\\\/\\\/dartera.ch\\\/wp-content\\\/uploads\\\/2023\\\/01\\\/Group-1000004837.svg\",\"width\":1,\"height\":1,\"caption\":\"Dartera\"},\"image\":{\"@id\":\"https:\\\/\\\/dartera.ch\\\/fr\\\/#\\\/schema\\\/logo\\\/image\\\/\"},\"sameAs\":[\"https:\\\/\\\/www.facebook.com\\\/dartera.ch\\\/\",\"https:\\\/\\\/www.linkedin.com\\\/company\\\/darteragmbh\\\/\",\"https:\\\/\\\/www.instagram.com\\\/dartera.ch\\\/\"]}]}<\/script>\n<!-- \/ Yoast SEO plugin. -->","yoast_head_json":{"title":"Webdesign B\u00e2le | dartera - Vos experts en conception web moderne","description":"Faites impression avec votre pr\u00e9sence en ligne \u00e0 B\u00e2le\u00a0! Dartera propose des solutions de conception web individuelles, cr\u00e9atives et r\u00e9actives.","robots":{"index":"index","follow":"follow","max-snippet":"max-snippet:-1","max-image-preview":"max-image-preview:large","max-video-preview":"max-video-preview:-1"},"canonical":"https:\/\/dartera.ch\/fr\/webdesign-bale\/","og_locale":"fr_FR","og_type":"article","og_title":"Webdesign B\u00e2le | dartera - Vos experts en conception web moderne","og_description":"Faites impression avec votre pr\u00e9sence en ligne \u00e0 B\u00e2le\u00a0! Dartera propose des solutions de conception web individuelles, cr\u00e9atives et r\u00e9actives.","og_url":"https:\/\/dartera.ch\/fr\/webdesign-bale\/","og_site_name":"dartera","article_publisher":"https:\/\/www.facebook.com\/dartera.ch\/","twitter_card":"summary_large_image","schema":{"@context":"https:\/\/schema.org","@graph":[{"@type":"WebPage","@id":"https:\/\/dartera.ch\/fr\/webdesign-bale\/","url":"https:\/\/dartera.ch\/fr\/webdesign-bale\/","name":"Webdesign B\u00e2le | dartera - Vos experts en conception web moderne","isPartOf":{"@id":"https:\/\/dartera.ch\/fr\/#website"},"datePublished":"2025-09-24T12:35:47+00:00","description":"Faites impression avec votre pr\u00e9sence en ligne \u00e0 B\u00e2le\u00a0! Dartera propose des solutions de conception web individuelles, cr\u00e9atives et r\u00e9actives.","breadcrumb":{"@id":"https:\/\/dartera.ch\/fr\/webdesign-bale\/#breadcrumb"},"inLanguage":"fr-FR","potentialAction":[{"@type":"ReadAction","target":["https:\/\/dartera.ch\/fr\/webdesign-bale\/"]}]},{"@type":"BreadcrumbList","@id":"https:\/\/dartera.ch\/fr\/webdesign-bale\/#breadcrumb","itemListElement":[{"@type":"ListItem","position":1,"name":"Home","item":"https:\/\/dartera.ch\/fr\/"},{"@type":"ListItem","position":2,"name":"Webdesign B\u00e2le"}]},{"@type":"WebSite","@id":"https:\/\/dartera.ch\/fr\/#website","url":"https:\/\/dartera.ch\/fr\/","name":"Dartera","description":"","publisher":{"@id":"https:\/\/dartera.ch\/fr\/#organization"},"potentialAction":[{"@type":"SearchAction","target":{"@type":"EntryPoint","urlTemplate":"https:\/\/dartera.ch\/fr\/?s={search_term_string}"},"query-input":{"@type":"PropertyValueSpecification","valueRequired":true,"valueName":"search_term_string"}}],"inLanguage":"fr-FR"},{"@type":"Organization","@id":"https:\/\/dartera.ch\/fr\/#organization","name":"Dartera","alternateName":"Dartera GmbH","url":"https:\/\/dartera.ch\/fr\/","logo":{"@type":"ImageObject","inLanguage":"fr-FR","@id":"https:\/\/dartera.ch\/fr\/#\/schema\/logo\/image\/","url":"https:\/\/dartera.ch\/wp-content\/uploads\/2023\/01\/Group-1000004837.svg","contentUrl":"https:\/\/dartera.ch\/wp-content\/uploads\/2023\/01\/Group-1000004837.svg","width":1,"height":1,"caption":"Dartera"},"image":{"@id":"https:\/\/dartera.ch\/fr\/#\/schema\/logo\/image\/"},"sameAs":["https:\/\/www.facebook.com\/dartera.ch\/","https:\/\/www.linkedin.com\/company\/darteragmbh\/","https:\/\/www.instagram.com\/dartera.ch\/"]}]}},"_links":{"self":[{"href":"https:\/\/dartera.ch\/fr\/wp-json\/wp\/v2\/pages\/30053","targetHints":{"allow":["GET"]}}],"collection":[{"href":"https:\/\/dartera.ch\/fr\/wp-json\/wp\/v2\/pages"}],"about":[{"href":"https:\/\/dartera.ch\/fr\/wp-json\/wp\/v2\/types\/page"}],"author":[{"embeddable":true,"href":"https:\/\/dartera.ch\/fr\/wp-json\/wp\/v2\/users\/2"}],"replies":[{"embeddable":true,"href":"https:\/\/dartera.ch\/fr\/wp-json\/wp\/v2\/comments?post=30053"}],"version-history":[{"count":0,"href":"https:\/\/dartera.ch\/fr\/wp-json\/wp\/v2\/pages\/30053\/revisions"}],"wp:attachment":[{"href":"https:\/\/dartera.ch\/fr\/wp-json\/wp\/v2\/media?parent=30053"}],"curies":[{"name":"wp","href":"https:\/\/api.w.org\/{rel}","templated":true}]}}