{"id":30198,"date":"2025-09-24T14:37:13","date_gmt":"2025-09-24T12:37:13","guid":{"rendered":"https:\/\/dartera.ch\/agence-seo-berne\/"},"modified":"2025-09-30T13:20:09","modified_gmt":"2025-09-30T11:20:09","slug":"agence-seo-berne","status":"publish","type":"page","link":"https:\/\/dartera.ch\/fr\/agence-seo-berne\/","title":{"rendered":"Agence SEO Berne"},"content":{"rendered":"","protected":false},"excerpt":{"rendered":"","protected":false},"author":2,"featured_media":0,"parent":0,"menu_order":0,"comment_status":"closed","ping_status":"closed","template":"","meta":{"_acf_changed":false,"footnotes":""},"class_list":["post-30198","page","type-page","status-publish","hentry"],"acf":[],"yoast_head":"<!-- This site is optimized with the Yoast SEO plugin v27.3 - https:\/\/yoast.com\/product\/yoast-seo-wordpress\/ -->\n<title>Agence SEO Berne | dartera - Expertise = Top-Ranking<\/title>\n<meta name=\"description\" content=\"\ud83d\udcc8\ud83d\udd0d Plus de visibilit\u00e9, plus de succ\u00e8s ! Dartera - Votre agence SEO \u00e0 Berne. \ud83d\udcbb\ud83d\udcaa Augmentez votre classement sur Google d\u00e8s maintenant !\" \/>\n<meta name=\"robots\" content=\"index, follow, max-snippet:-1, max-image-preview:large, max-video-preview:-1\" \/>\n<link rel=\"canonical\" href=\"https:\/\/dartera.ch\/fr\/agence-seo-berne\/\" \/>\n<meta property=\"og:locale\" content=\"fr_FR\" \/>\n<meta property=\"og:type\" content=\"article\" \/>\n<meta property=\"og:title\" content=\"Agence SEO Berne | dartera - Expertise = Top-Ranking\" \/>\n<meta property=\"og:description\" content=\"\ud83d\udcc8\ud83d\udd0d Plus de visibilit\u00e9, plus de succ\u00e8s ! Dartera - Votre agence SEO \u00e0 Berne. \ud83d\udcbb\ud83d\udcaa Augmentez votre classement sur Google d\u00e8s maintenant !\" \/>\n<meta property=\"og:url\" content=\"https:\/\/dartera.ch\/fr\/agence-seo-berne\/\" \/>\n<meta property=\"og:site_name\" content=\"dartera\" \/>\n<meta property=\"article:publisher\" content=\"https:\/\/www.facebook.com\/dartera.ch\/\" \/>\n<meta property=\"article:modified_time\" content=\"2025-09-30T11:20:09+00:00\" \/>\n<meta name=\"twitter:card\" content=\"summary_large_image\" \/>\n<script type=\"application\/ld+json\" class=\"yoast-schema-graph\">{\"@context\":\"https:\\\/\\\/schema.org\",\"@graph\":[{\"@type\":\"WebPage\",\"@id\":\"https:\\\/\\\/dartera.ch\\\/fr\\\/agence-seo-berne\\\/\",\"url\":\"https:\\\/\\\/dartera.ch\\\/fr\\\/agence-seo-berne\\\/\",\"name\":\"Agence SEO Berne | dartera - Expertise = Top-Ranking\",\"isPartOf\":{\"@id\":\"https:\\\/\\\/dartera.ch\\\/fr\\\/#website\"},\"datePublished\":\"2025-09-24T12:37:13+00:00\",\"dateModified\":\"2025-09-30T11:20:09+00:00\",\"description\":\"\ud83d\udcc8\ud83d\udd0d Plus de visibilit\u00e9, plus de succ\u00e8s ! Dartera - Votre agence SEO \u00e0 Berne. \ud83d\udcbb\ud83d\udcaa Augmentez votre classement sur Google d\u00e8s maintenant !\",\"breadcrumb\":{\"@id\":\"https:\\\/\\\/dartera.ch\\\/fr\\\/agence-seo-berne\\\/#breadcrumb\"},\"inLanguage\":\"fr-FR\",\"potentialAction\":[{\"@type\":\"ReadAction\",\"target\":[\"https:\\\/\\\/dartera.ch\\\/fr\\\/agence-seo-berne\\\/\"]}]},{\"@type\":\"BreadcrumbList\",\"@id\":\"https:\\\/\\\/dartera.ch\\\/fr\\\/agence-seo-berne\\\/#breadcrumb\",\"itemListElement\":[{\"@type\":\"ListItem\",\"position\":1,\"name\":\"Home\",\"item\":\"https:\\\/\\\/dartera.ch\\\/fr\\\/\"},{\"@type\":\"ListItem\",\"position\":2,\"name\":\"Agence SEO Berne\"}]},{\"@type\":\"WebSite\",\"@id\":\"https:\\\/\\\/dartera.ch\\\/fr\\\/#website\",\"url\":\"https:\\\/\\\/dartera.ch\\\/fr\\\/\",\"name\":\"Dartera\",\"description\":\"\",\"publisher\":{\"@id\":\"https:\\\/\\\/dartera.ch\\\/fr\\\/#organization\"},\"potentialAction\":[{\"@type\":\"SearchAction\",\"target\":{\"@type\":\"EntryPoint\",\"urlTemplate\":\"https:\\\/\\\/dartera.ch\\\/fr\\\/?s={search_term_string}\"},\"query-input\":{\"@type\":\"PropertyValueSpecification\",\"valueRequired\":true,\"valueName\":\"search_term_string\"}}],\"inLanguage\":\"fr-FR\"},{\"@type\":\"Organization\",\"@id\":\"https:\\\/\\\/dartera.ch\\\/fr\\\/#organization\",\"name\":\"Dartera\",\"alternateName\":\"Dartera GmbH\",\"url\":\"https:\\\/\\\/dartera.ch\\\/fr\\\/\",\"logo\":{\"@type\":\"ImageObject\",\"inLanguage\":\"fr-FR\",\"@id\":\"https:\\\/\\\/dartera.ch\\\/fr\\\/#\\\/schema\\\/logo\\\/image\\\/\",\"url\":\"https:\\\/\\\/dartera.ch\\\/wp-content\\\/uploads\\\/2023\\\/01\\\/Group-1000004837.svg\",\"contentUrl\":\"https:\\\/\\\/dartera.ch\\\/wp-content\\\/uploads\\\/2023\\\/01\\\/Group-1000004837.svg\",\"width\":1,\"height\":1,\"caption\":\"Dartera\"},\"image\":{\"@id\":\"https:\\\/\\\/dartera.ch\\\/fr\\\/#\\\/schema\\\/logo\\\/image\\\/\"},\"sameAs\":[\"https:\\\/\\\/www.facebook.com\\\/dartera.ch\\\/\",\"https:\\\/\\\/www.linkedin.com\\\/company\\\/darteragmbh\\\/\",\"https:\\\/\\\/www.instagram.com\\\/dartera.ch\\\/\"]}]}<\/script>\n<!-- \/ Yoast SEO plugin. -->","yoast_head_json":{"title":"Agence SEO Berne | dartera - Expertise = Top-Ranking","description":"\ud83d\udcc8\ud83d\udd0d Plus de visibilit\u00e9, plus de succ\u00e8s ! Dartera - Votre agence SEO \u00e0 Berne. \ud83d\udcbb\ud83d\udcaa Augmentez votre classement sur Google d\u00e8s maintenant !","robots":{"index":"index","follow":"follow","max-snippet":"max-snippet:-1","max-image-preview":"max-image-preview:large","max-video-preview":"max-video-preview:-1"},"canonical":"https:\/\/dartera.ch\/fr\/agence-seo-berne\/","og_locale":"fr_FR","og_type":"article","og_title":"Agence SEO Berne | dartera - Expertise = Top-Ranking","og_description":"\ud83d\udcc8\ud83d\udd0d Plus de visibilit\u00e9, plus de succ\u00e8s ! Dartera - Votre agence SEO \u00e0 Berne. \ud83d\udcbb\ud83d\udcaa Augmentez votre classement sur Google d\u00e8s maintenant !","og_url":"https:\/\/dartera.ch\/fr\/agence-seo-berne\/","og_site_name":"dartera","article_publisher":"https:\/\/www.facebook.com\/dartera.ch\/","article_modified_time":"2025-09-30T11:20:09+00:00","twitter_card":"summary_large_image","schema":{"@context":"https:\/\/schema.org","@graph":[{"@type":"WebPage","@id":"https:\/\/dartera.ch\/fr\/agence-seo-berne\/","url":"https:\/\/dartera.ch\/fr\/agence-seo-berne\/","name":"Agence SEO Berne | dartera - Expertise = Top-Ranking","isPartOf":{"@id":"https:\/\/dartera.ch\/fr\/#website"},"datePublished":"2025-09-24T12:37:13+00:00","dateModified":"2025-09-30T11:20:09+00:00","description":"\ud83d\udcc8\ud83d\udd0d Plus de visibilit\u00e9, plus de succ\u00e8s ! Dartera - Votre agence SEO \u00e0 Berne. \ud83d\udcbb\ud83d\udcaa Augmentez votre classement sur Google d\u00e8s maintenant !","breadcrumb":{"@id":"https:\/\/dartera.ch\/fr\/agence-seo-berne\/#breadcrumb"},"inLanguage":"fr-FR","potentialAction":[{"@type":"ReadAction","target":["https:\/\/dartera.ch\/fr\/agence-seo-berne\/"]}]},{"@type":"BreadcrumbList","@id":"https:\/\/dartera.ch\/fr\/agence-seo-berne\/#breadcrumb","itemListElement":[{"@type":"ListItem","position":1,"name":"Home","item":"https:\/\/dartera.ch\/fr\/"},{"@type":"ListItem","position":2,"name":"Agence SEO Berne"}]},{"@type":"WebSite","@id":"https:\/\/dartera.ch\/fr\/#website","url":"https:\/\/dartera.ch\/fr\/","name":"Dartera","description":"","publisher":{"@id":"https:\/\/dartera.ch\/fr\/#organization"},"potentialAction":[{"@type":"SearchAction","target":{"@type":"EntryPoint","urlTemplate":"https:\/\/dartera.ch\/fr\/?s={search_term_string}"},"query-input":{"@type":"PropertyValueSpecification","valueRequired":true,"valueName":"search_term_string"}}],"inLanguage":"fr-FR"},{"@type":"Organization","@id":"https:\/\/dartera.ch\/fr\/#organization","name":"Dartera","alternateName":"Dartera GmbH","url":"https:\/\/dartera.ch\/fr\/","logo":{"@type":"ImageObject","inLanguage":"fr-FR","@id":"https:\/\/dartera.ch\/fr\/#\/schema\/logo\/image\/","url":"https:\/\/dartera.ch\/wp-content\/uploads\/2023\/01\/Group-1000004837.svg","contentUrl":"https:\/\/dartera.ch\/wp-content\/uploads\/2023\/01\/Group-1000004837.svg","width":1,"height":1,"caption":"Dartera"},"image":{"@id":"https:\/\/dartera.ch\/fr\/#\/schema\/logo\/image\/"},"sameAs":["https:\/\/www.facebook.com\/dartera.ch\/","https:\/\/www.linkedin.com\/company\/darteragmbh\/","https:\/\/www.instagram.com\/dartera.ch\/"]}]}},"_links":{"self":[{"href":"https:\/\/dartera.ch\/fr\/wp-json\/wp\/v2\/pages\/30198","targetHints":{"allow":["GET"]}}],"collection":[{"href":"https:\/\/dartera.ch\/fr\/wp-json\/wp\/v2\/pages"}],"about":[{"href":"https:\/\/dartera.ch\/fr\/wp-json\/wp\/v2\/types\/page"}],"author":[{"embeddable":true,"href":"https:\/\/dartera.ch\/fr\/wp-json\/wp\/v2\/users\/2"}],"replies":[{"embeddable":true,"href":"https:\/\/dartera.ch\/fr\/wp-json\/wp\/v2\/comments?post=30198"}],"version-history":[{"count":1,"href":"https:\/\/dartera.ch\/fr\/wp-json\/wp\/v2\/pages\/30198\/revisions"}],"predecessor-version":[{"id":30535,"href":"https:\/\/dartera.ch\/fr\/wp-json\/wp\/v2\/pages\/30198\/revisions\/30535"}],"wp:attachment":[{"href":"https:\/\/dartera.ch\/fr\/wp-json\/wp\/v2\/media?parent=30198"}],"curies":[{"name":"wp","href":"https:\/\/api.w.org\/{rel}","templated":true}]}}