{"id":30374,"date":"2025-09-25T08:23:33","date_gmt":"2025-09-25T06:23:33","guid":{"rendered":"https:\/\/dartera.ch\/accueil\/"},"modified":"2025-09-30T15:45:44","modified_gmt":"2025-09-30T13:45:44","slug":"accueil","status":"publish","type":"page","link":"https:\/\/dartera.ch\/fr\/accueil\/","title":{"rendered":"Accueil"},"content":{"rendered":"","protected":false},"excerpt":{"rendered":"","protected":false},"author":2,"featured_media":0,"parent":0,"menu_order":0,"comment_status":"closed","ping_status":"open","template":"","meta":{"_acf_changed":false,"footnotes":""},"class_list":["post-30374","page","type-page","status-publish","hentry"],"acf":[],"yoast_head":"<!-- This site is optimized with the Yoast SEO plugin v27.3 - https:\/\/yoast.com\/product\/yoast-seo-wordpress\/ -->\n<title>dartera | Agence de marketing en ligne pour un positionnement r\u00e9ussi<\/title>\n<meta name=\"description\" content=\"La principale agence de marketing en ligne ax\u00e9e sur le ROI \u00e0 Berne. D\u00e9veloppez votre activit\u00e9 avec le r\u00e9f\u00e9rencement \u2713 Gestion PPC \u2713 031 552 00 72\" \/>\n<meta name=\"robots\" content=\"index, follow, max-snippet:-1, max-image-preview:large, max-video-preview:-1\" \/>\n<link rel=\"canonical\" href=\"https:\/\/dartera.ch\/fr\/accueil\/\" \/>\n<meta property=\"og:locale\" content=\"fr_FR\" \/>\n<meta property=\"og:type\" content=\"article\" \/>\n<meta property=\"og:title\" content=\"dartera | Agence de marketing en ligne pour un positionnement r\u00e9ussi\" \/>\n<meta property=\"og:description\" content=\"La principale agence de marketing en ligne ax\u00e9e sur le ROI \u00e0 Berne. D\u00e9veloppez votre activit\u00e9 avec le r\u00e9f\u00e9rencement \u2713 Gestion PPC \u2713 031 552 00 72\" \/>\n<meta property=\"og:url\" content=\"https:\/\/dartera.ch\/fr\/accueil\/\" \/>\n<meta property=\"og:site_name\" content=\"dartera\" \/>\n<meta property=\"article:publisher\" content=\"https:\/\/www.facebook.com\/dartera.ch\/\" \/>\n<meta property=\"article:modified_time\" content=\"2025-09-30T13:45:44+00:00\" \/>\n<meta name=\"twitter:card\" content=\"summary_large_image\" \/>\n<meta name=\"twitter:label1\" content=\"Dur\u00e9e de lecture estim\u00e9e\" \/>\n\t<meta name=\"twitter:data1\" content=\"7 minutes\" \/>\n<script type=\"application\/ld+json\" class=\"yoast-schema-graph\">{\"@context\":\"https:\\\/\\\/schema.org\",\"@graph\":[{\"@type\":\"WebPage\",\"@id\":\"https:\\\/\\\/dartera.ch\\\/fr\\\/accueil\\\/\",\"url\":\"https:\\\/\\\/dartera.ch\\\/fr\\\/accueil\\\/\",\"name\":\"dartera | Agence de marketing en ligne pour un positionnement r\u00e9ussi\",\"isPartOf\":{\"@id\":\"https:\\\/\\\/dartera.ch\\\/fr\\\/#website\"},\"datePublished\":\"2025-09-25T06:23:33+00:00\",\"dateModified\":\"2025-09-30T13:45:44+00:00\",\"description\":\"La principale agence de marketing en ligne ax\u00e9e sur le ROI \u00e0 Berne. D\u00e9veloppez votre activit\u00e9 avec le r\u00e9f\u00e9rencement \u2713 Gestion PPC \u2713 031 552 00 72\",\"breadcrumb\":{\"@id\":\"https:\\\/\\\/dartera.ch\\\/fr\\\/accueil\\\/#breadcrumb\"},\"inLanguage\":\"fr-FR\",\"potentialAction\":[{\"@type\":\"ReadAction\",\"target\":[\"https:\\\/\\\/dartera.ch\\\/fr\\\/accueil\\\/\"]}]},{\"@type\":\"BreadcrumbList\",\"@id\":\"https:\\\/\\\/dartera.ch\\\/fr\\\/accueil\\\/#breadcrumb\",\"itemListElement\":[{\"@type\":\"ListItem\",\"position\":1,\"name\":\"Home\",\"item\":\"https:\\\/\\\/dartera.ch\\\/fr\\\/\"},{\"@type\":\"ListItem\",\"position\":2,\"name\":\"Accueil\"}]},{\"@type\":\"WebSite\",\"@id\":\"https:\\\/\\\/dartera.ch\\\/fr\\\/#website\",\"url\":\"https:\\\/\\\/dartera.ch\\\/fr\\\/\",\"name\":\"Dartera\",\"description\":\"\",\"publisher\":{\"@id\":\"https:\\\/\\\/dartera.ch\\\/fr\\\/#organization\"},\"potentialAction\":[{\"@type\":\"SearchAction\",\"target\":{\"@type\":\"EntryPoint\",\"urlTemplate\":\"https:\\\/\\\/dartera.ch\\\/fr\\\/?s={search_term_string}\"},\"query-input\":{\"@type\":\"PropertyValueSpecification\",\"valueRequired\":true,\"valueName\":\"search_term_string\"}}],\"inLanguage\":\"fr-FR\"},{\"@type\":\"Organization\",\"@id\":\"https:\\\/\\\/dartera.ch\\\/fr\\\/#organization\",\"name\":\"Dartera\",\"alternateName\":\"Dartera GmbH\",\"url\":\"https:\\\/\\\/dartera.ch\\\/fr\\\/\",\"logo\":{\"@type\":\"ImageObject\",\"inLanguage\":\"fr-FR\",\"@id\":\"https:\\\/\\\/dartera.ch\\\/fr\\\/#\\\/schema\\\/logo\\\/image\\\/\",\"url\":\"https:\\\/\\\/dartera.ch\\\/wp-content\\\/uploads\\\/2023\\\/01\\\/Group-1000004837.svg\",\"contentUrl\":\"https:\\\/\\\/dartera.ch\\\/wp-content\\\/uploads\\\/2023\\\/01\\\/Group-1000004837.svg\",\"width\":1,\"height\":1,\"caption\":\"Dartera\"},\"image\":{\"@id\":\"https:\\\/\\\/dartera.ch\\\/fr\\\/#\\\/schema\\\/logo\\\/image\\\/\"},\"sameAs\":[\"https:\\\/\\\/www.facebook.com\\\/dartera.ch\\\/\",\"https:\\\/\\\/www.linkedin.com\\\/company\\\/darteragmbh\\\/\",\"https:\\\/\\\/www.instagram.com\\\/dartera.ch\\\/\"]}]}<\/script>\n<!-- \/ Yoast SEO plugin. -->","yoast_head_json":{"title":"dartera | Agence de marketing en ligne pour un positionnement r\u00e9ussi","description":"La principale agence de marketing en ligne ax\u00e9e sur le ROI \u00e0 Berne. D\u00e9veloppez votre activit\u00e9 avec le r\u00e9f\u00e9rencement \u2713 Gestion PPC \u2713 031 552 00 72","robots":{"index":"index","follow":"follow","max-snippet":"max-snippet:-1","max-image-preview":"max-image-preview:large","max-video-preview":"max-video-preview:-1"},"canonical":"https:\/\/dartera.ch\/fr\/accueil\/","og_locale":"fr_FR","og_type":"article","og_title":"dartera | Agence de marketing en ligne pour un positionnement r\u00e9ussi","og_description":"La principale agence de marketing en ligne ax\u00e9e sur le ROI \u00e0 Berne. D\u00e9veloppez votre activit\u00e9 avec le r\u00e9f\u00e9rencement \u2713 Gestion PPC \u2713 031 552 00 72","og_url":"https:\/\/dartera.ch\/fr\/accueil\/","og_site_name":"dartera","article_publisher":"https:\/\/www.facebook.com\/dartera.ch\/","article_modified_time":"2025-09-30T13:45:44+00:00","twitter_card":"summary_large_image","twitter_misc":{"Dur\u00e9e de lecture estim\u00e9e":"7 minutes"},"schema":{"@context":"https:\/\/schema.org","@graph":[{"@type":"WebPage","@id":"https:\/\/dartera.ch\/fr\/accueil\/","url":"https:\/\/dartera.ch\/fr\/accueil\/","name":"dartera | Agence de marketing en ligne pour un positionnement r\u00e9ussi","isPartOf":{"@id":"https:\/\/dartera.ch\/fr\/#website"},"datePublished":"2025-09-25T06:23:33+00:00","dateModified":"2025-09-30T13:45:44+00:00","description":"La principale agence de marketing en ligne ax\u00e9e sur le ROI \u00e0 Berne. D\u00e9veloppez votre activit\u00e9 avec le r\u00e9f\u00e9rencement \u2713 Gestion PPC \u2713 031 552 00 72","breadcrumb":{"@id":"https:\/\/dartera.ch\/fr\/accueil\/#breadcrumb"},"inLanguage":"fr-FR","potentialAction":[{"@type":"ReadAction","target":["https:\/\/dartera.ch\/fr\/accueil\/"]}]},{"@type":"BreadcrumbList","@id":"https:\/\/dartera.ch\/fr\/accueil\/#breadcrumb","itemListElement":[{"@type":"ListItem","position":1,"name":"Home","item":"https:\/\/dartera.ch\/fr\/"},{"@type":"ListItem","position":2,"name":"Accueil"}]},{"@type":"WebSite","@id":"https:\/\/dartera.ch\/fr\/#website","url":"https:\/\/dartera.ch\/fr\/","name":"Dartera","description":"","publisher":{"@id":"https:\/\/dartera.ch\/fr\/#organization"},"potentialAction":[{"@type":"SearchAction","target":{"@type":"EntryPoint","urlTemplate":"https:\/\/dartera.ch\/fr\/?s={search_term_string}"},"query-input":{"@type":"PropertyValueSpecification","valueRequired":true,"valueName":"search_term_string"}}],"inLanguage":"fr-FR"},{"@type":"Organization","@id":"https:\/\/dartera.ch\/fr\/#organization","name":"Dartera","alternateName":"Dartera GmbH","url":"https:\/\/dartera.ch\/fr\/","logo":{"@type":"ImageObject","inLanguage":"fr-FR","@id":"https:\/\/dartera.ch\/fr\/#\/schema\/logo\/image\/","url":"https:\/\/dartera.ch\/wp-content\/uploads\/2023\/01\/Group-1000004837.svg","contentUrl":"https:\/\/dartera.ch\/wp-content\/uploads\/2023\/01\/Group-1000004837.svg","width":1,"height":1,"caption":"Dartera"},"image":{"@id":"https:\/\/dartera.ch\/fr\/#\/schema\/logo\/image\/"},"sameAs":["https:\/\/www.facebook.com\/dartera.ch\/","https:\/\/www.linkedin.com\/company\/darteragmbh\/","https:\/\/www.instagram.com\/dartera.ch\/"]}]}},"_links":{"self":[{"href":"https:\/\/dartera.ch\/fr\/wp-json\/wp\/v2\/pages\/30374","targetHints":{"allow":["GET"]}}],"collection":[{"href":"https:\/\/dartera.ch\/fr\/wp-json\/wp\/v2\/pages"}],"about":[{"href":"https:\/\/dartera.ch\/fr\/wp-json\/wp\/v2\/types\/page"}],"author":[{"embeddable":true,"href":"https:\/\/dartera.ch\/fr\/wp-json\/wp\/v2\/users\/2"}],"replies":[{"embeddable":true,"href":"https:\/\/dartera.ch\/fr\/wp-json\/wp\/v2\/comments?post=30374"}],"version-history":[{"count":16,"href":"https:\/\/dartera.ch\/fr\/wp-json\/wp\/v2\/pages\/30374\/revisions"}],"predecessor-version":[{"id":30578,"href":"https:\/\/dartera.ch\/fr\/wp-json\/wp\/v2\/pages\/30374\/revisions\/30578"}],"wp:attachment":[{"href":"https:\/\/dartera.ch\/fr\/wp-json\/wp\/v2\/media?parent=30374"}],"curies":[{"name":"wp","href":"https:\/\/api.w.org\/{rel}","templated":true}]}}